{"id":12,"date":"2023-07-13T10:34:11","date_gmt":"2023-07-13T08:34:11","guid":{"rendered":"https:\/\/praemien-staging.digipoc.xyz\/?page_id=12"},"modified":"2025-11-26T16:04:44","modified_gmt":"2025-11-26T14:04:44","slug":"faq","status":"publish","type":"page","link":"https:\/\/praemien-ag-so.blutspende-nordwestschweiz.ch\/index.php\/faq\/","title":{"rendered":"FAQ"},"content":{"rendered":"\n<p>Hier findest du Antworten auf deine Fragen.<\/p>\n\n\n\n<h2 class=\"wp-block-heading\">Wie logge ich mich zum ersten Mal ein?<\/h2>\n\n\n\n<p>1.\u00a0\u00d6ffne folgenden <a href=\"https:\/\/praemien-ag-so.blutspende-nordwestschweiz.ch\/index.php\/mein-konto\/lost-password\/\">Link<\/a>.<br>2. Tragen die E-Mail-Adresse ein, welche du bei deinem Blutspendedienst hinterlegt hast und klicke auf\u00a0<strong>\u201ePasswort zur\u00fccksetzen\u201c<\/strong>. (falls du nicht weisst, mit welcher E-Mail-Adresse du dich registriert hast oder falls du keine E-Mail-Adresse bei uns hinterlegt hast, nimm bitte mit <a href=\"mailto:info@blutspende-nw.ch\" data-type=\"link\" data-id=\"info@blutspende-nw.ch\">uns <\/a>Kontakt auf)<br>3. Innerhalb der n\u00e4chsten 10 Minuten erh\u00e4ltst du eine E-Mail mit einem Link, \u00fcber den du ein neues Passwort setzen kannst. <br>4. Danach ist das Login mit deiner E-Mail-Adresse und dem neuen Passwort m\u00f6glich. <\/p>\n\n\n\n<h2 class=\"wp-block-heading\">Wie viele Punkte kann ich pro Jahr einl\u00f6sen?<\/h2>\n\n\n\n<p>Da Blutspenden in der Schweiz gesetzlich unentgeltlich erfolgen, k\u00f6nnen pro Jahr maximal&nbsp;<strong>400 Punkte<\/strong>&nbsp;eingel\u00f6st werden. Pro Bestellung ist die Einl\u00f6sung von&nbsp;<strong>h\u00f6chstens 200 Punkten<\/strong>&nbsp;m\u00f6glich.<\/p>\n\n\n\n<p>(Blutspender:innen d\u00fcrfen als Dankesch\u00f6n kleine Anerkennungen erhalten \u2013 zum Beispiel Getr\u00e4nke, Snacks, kleine Geschenke oder Pr\u00e4mien mit begrenztem Punktwert.)<\/p>\n\n\n\n<h2 class=\"wp-block-heading\">Ich habe mein Passwort vergessen.<\/h2>\n\n\n\n<p>Gehe auf <a href=\"https:\/\/praemien-ag-so.blutspende-nordwestschweiz.ch\/index.php\/mein-konto\/\" data-type=\"page\" data-id=\"11\">Mein Konto<\/a>, gib deine bei uns im Zentrum hinterlegte E-Mail-Adresse ein und klicke auf &#171;Passwort vergessen&#187;. Innerhalb von 10 Minuten erh\u00e4ltst du eine E-Mail mit einem Link, \u00fcber den du ein neues Passwort setzen kannst. <\/p>\n\n\n\n<h2 class=\"wp-block-heading\">Wie ist mein Benutzername? <\/h2>\n\n\n\n<p>Dein Benutzername ist deine pers\u00f6nliche Spendernummer. Du kannst dich aber auch mit deiner bei uns hinterlegten E-Mail Adresse einloggen. <\/p>\n\n\n\n<h2 class=\"wp-block-heading\">Wo finde ich meine Spendernummer?<\/h2>\n\n\n\n<p>Du findest deine Spendernummer auf deinem Blutspendeausweis. Du kannst dich aber auch mit deiner bei uns hinterlegten E-Mail Adresse einloggen.<\/p>\n\n\n\n<h2 class=\"wp-block-heading\">Wo sehe ich meinen Punktestand?<\/h2>\n\n\n\n<p>Um deinen Punktestand einzusehen, musst du dich zuerst einloggen. Einloggen kannst du dich mit deiner bei uns im Zentrum hinterlegten E-Mail-Adresse oder deiner Spendernummer und deinem pers\u00f6nlichen Passwort. Unter <a href=\"https:\/\/praemien-ag-so.blutspende-nordwestschweiz.ch\/index.php\/mein-konto\/\" data-type=\"page\" data-id=\"11\">Mein Konto<\/a> klicke auf <strong>Kontodetails<\/strong>. Dort siehst du deine aktuelle Punktzahl. <\/p>\n\n\n\n<h2 class=\"wp-block-heading\">Wann verfallen meine Punkte?<\/h2>\n\n\n\n<p>Deine Punkte verfallen nach einer Zeitspanne von f\u00fcnf (5) Jahren, in der du in der Region Nordwestschweiz keine Blutspende mehr get\u00e4tigt hast. Solltest du von uns die Mitteilung erhalten, dass du aus medizinischen Gr\u00fcnden oder altershalber nicht mehr Blut spenden darfst, bitten wir dich, deine Restpunkte bis zum Ende des Kalenderjahres einzul\u00f6sen. Dein Konto wird aus Datenschutzgr\u00fcnden ab dem Folgejahr aufgel\u00f6st.<\/p>\n\n\n\n<p><\/p>\n\n\n\n<h2 class=\"wp-block-heading\">Kann ich meine Pr\u00e4mie bei euch abholen?<\/h2>\n\n\n\n<p>Nein, aus administrativen Gr\u00fcnden ist es nicht m\u00f6glich, die Pr\u00e4mien direkt im Blutspendezentrum zu beziehen. Wir senden dir deine bestellten Pr\u00e4mien ausschliesslich per Post oder eMail zu.<\/p>\n\n\n\n<h2 class=\"wp-block-heading\">Wieso starte ich bei 0 Punkten, obwohl ich schon diverse Male gespendet haben?<\/h2>\n\n\n\n<p>Wir d\u00fcrfen davon ausgehen, dass deine bisherigen Spenden bereits entsprechend entsch\u00e4digt wurden. Dein Spendetotal bleibt aber selbstverst\u00e4ndlich bestehen und alle deine geleisteten Spenden werden an deine zuk\u00fcnftigen Jubil\u00e4en angerechnet (Punktestand \u2260 Spendetotal).<\/p>\n\n\n\n<h2 class=\"wp-block-heading\">Wie viele Spenden brauche ich f\u00fcr ein Jubil\u00e4um?<\/h2>\n\n\n\n<div class=\"wp-block-columns is-layout-flex wp-container-core-columns-is-layout-28f84493 wp-block-columns-is-layout-flex\">\n<div class=\"wp-block-column is-layout-flow wp-block-column-is-layout-flow\" style=\"flex-basis:100%\">\n<div class=\"wp-block-columns is-layout-flex wp-container-core-columns-is-layout-28f84493 wp-block-columns-is-layout-flex\">\n<div class=\"wp-block-column is-layout-flow wp-block-column-is-layout-flow\" style=\"flex-basis:100%\">\n<div class=\"wp-block-columns is-layout-flex wp-container-core-columns-is-layout-28f84493 wp-block-columns-is-layout-flex\">\n<div class=\"wp-block-column is-layout-flow wp-block-column-is-layout-flow\">\n<p>1. Spende<br>25. Spende<br>50. Spende<br>75. Spende<br>100. Spende<br>125. Spende<br>150. Spende<br>175. Spende<br>200. Spende<br>225. Spende<br>250. Spende<br>275. Spende<br>300. Spende<br>400. Spende<\/p>\n<\/div>\n\n\n\n<div class=\"wp-block-column is-layout-flow wp-block-column-is-layout-flow\">\n<p>5 Punkte f\u00fcr den Pr\u00e4mienshop<br>25 Punkte f\u00fcr den Pr\u00e4mienshop<br>50 Punkte f\u00fcr den Pr\u00e4mienshop<br>75 Punkte f\u00fcr den Pr\u00e4mienshop<br>100 Punkte f\u00fcr den Pr\u00e4mienshop<br>50 Punkte f\u00fcr den Pr\u00e4mienshop<br>50 Punkte f\u00fcr den Pr\u00e4mienshop<br>50 Punkte f\u00fcr den Pr\u00e4mienshop<br>100 Punkte f\u00fcr den Pr\u00e4mienshop<br>50 Punkte f\u00fcr den Pr\u00e4mienshop<br>50 Punkte f\u00fcr den Pr\u00e4mienshop<br>50 Punkte f\u00fcr den Pr\u00e4mienshop<br>100 Punkte f\u00fcr den Pr\u00e4mienshop<br>100 Punkte f\u00fcr den Pr\u00e4mienshop<\/p>\n<\/div>\n<\/div>\n<\/div>\n<\/div>\n<\/div>\n<\/div>\n\n\n\n<h2 class=\"wp-block-heading\">Wo melde ich mich bei weiteren Fragen zum Pr\u00e4mienshop?<\/h2>\n\n\n\n<p>Schreibe uns eine E-Mail an <a href=\"mailto:info@blutspende-nw.ch\">info@blutspende-nw.ch<\/a><\/p>\n\n\n\n<p><\/p>\n","protected":false},"excerpt":{"rendered":"<p>Hier findest du Antworten auf deine Fragen. Wie logge ich mich zum ersten Mal ein? 1.\u00a0\u00d6ffne folgenden Link.2. Tragen die E-Mail-Adresse ein, welche du bei deinem Blutspendedienst hinterlegt hast und klicke auf\u00a0\u201ePasswort zur\u00fccksetzen\u201c. (falls du nicht weisst, mit welcher E-Mail-Adresse du dich registriert hast oder falls du keine E-Mail-Adresse bei uns hinterlegt hast, nimm bitte [&hellip;]<\/p>\n","protected":false},"author":1,"featured_media":0,"parent":0,"menu_order":0,"comment_status":"closed","ping_status":"closed","template":"","meta":{"_acf_changed":false,"footnotes":""},"class_list":["post-12","page","type-page","status-publish","hentry"],"acf":[],"_links":{"self":[{"href":"https:\/\/praemien-ag-so.blutspende-nordwestschweiz.ch\/index.php\/wp-json\/wp\/v2\/pages\/12","targetHints":{"allow":["GET"]}}],"collection":[{"href":"https:\/\/praemien-ag-so.blutspende-nordwestschweiz.ch\/index.php\/wp-json\/wp\/v2\/pages"}],"about":[{"href":"https:\/\/praemien-ag-so.blutspende-nordwestschweiz.ch\/index.php\/wp-json\/wp\/v2\/types\/page"}],"author":[{"embeddable":true,"href":"https:\/\/praemien-ag-so.blutspende-nordwestschweiz.ch\/index.php\/wp-json\/wp\/v2\/users\/1"}],"replies":[{"embeddable":true,"href":"https:\/\/praemien-ag-so.blutspende-nordwestschweiz.ch\/index.php\/wp-json\/wp\/v2\/comments?post=12"}],"version-history":[{"count":9,"href":"https:\/\/praemien-ag-so.blutspende-nordwestschweiz.ch\/index.php\/wp-json\/wp\/v2\/pages\/12\/revisions"}],"predecessor-version":[{"id":1560,"href":"https:\/\/praemien-ag-so.blutspende-nordwestschweiz.ch\/index.php\/wp-json\/wp\/v2\/pages\/12\/revisions\/1560"}],"wp:attachment":[{"href":"https:\/\/praemien-ag-so.blutspende-nordwestschweiz.ch\/index.php\/wp-json\/wp\/v2\/media?parent=12"}],"curies":[{"name":"wp","href":"https:\/\/api.w.org\/{rel}","templated":true}]}}