{"id":1317,"date":"2025-08-27T11:51:15","date_gmt":"2025-08-27T09:51:15","guid":{"rendered":"https:\/\/praemien-ag-so.blutspende-nordwestschweiz.ch\/?post_type=product&#038;p=1317"},"modified":"2025-11-19T09:44:46","modified_gmt":"2025-11-19T07:44:46","slug":"so-gutschein-solothurn-20","status":"publish","type":"product","link":"https:\/\/praemien-ag-so.blutspende-nordwestschweiz.ch\/index.php\/produkt\/so-gutschein-solothurn-20\/","title":{"rendered":"SO.GUTschein Solothurn"},"content":{"rendered":"<p>Die Geschenkgutscheine der Stadt- und Gewerbevereinigung Solothurn sind in \u00fcber 200 L\u00e4den, Hotels, Restaurants und verschiedenen Firmen in Solothurn und Umgebung einl\u00f6sbar.<\/p>\n<p>Foto Credit: \u00a9 Ivo Scholz Fotografie<\/p>\n<p>Webseite\/Annahmestellen: https:\/\/shopin-solothurn.ch\/so-gutscheine-bestellen\/<\/p>\n","protected":false},"excerpt":{"rendered":"<p>Die Geschenkgutscheine der Stadt- und Gewerbevereinigung Solothurn sind in \u00fcber 200 L\u00e4den, Hotels, Restaurants und verschiedenen Firmen in Solothurn und Umgebung einl\u00f6sbar. Foto Credit: \u00a9 Ivo Scholz Fotografie Webseite\/Annahmestellen: https:\/\/shopin-solothurn.ch\/so-gutscheine-bestellen\/<\/p>\n","protected":false},"featured_media":1319,"template":"","meta":{"_acf_changed":false},"product_brand":[],"product_cat":[22,18,40,32,47,36],"product_tag":[],"class_list":{"0":"post-1317","1":"product","2":"type-product","3":"status-publish","4":"has-post-thumbnail","6":"product_cat-freizeit-2","7":"product_cat-gutscheine","8":"product_cat-lifestyle","9":"product_cat-shopping","10":"product_cat-transport","11":"product_cat-verpflegung","13":"first","14":"instock","15":"shipping-taxable","16":"purchasable","17":"product-type-variable"},"acf":[],"_links":{"self":[{"href":"https:\/\/praemien-ag-so.blutspende-nordwestschweiz.ch\/index.php\/wp-json\/wp\/v2\/product\/1317","targetHints":{"allow":["GET"]}}],"collection":[{"href":"https:\/\/praemien-ag-so.blutspende-nordwestschweiz.ch\/index.php\/wp-json\/wp\/v2\/product"}],"about":[{"href":"https:\/\/praemien-ag-so.blutspende-nordwestschweiz.ch\/index.php\/wp-json\/wp\/v2\/types\/product"}],"wp:featuredmedia":[{"embeddable":true,"href":"https:\/\/praemien-ag-so.blutspende-nordwestschweiz.ch\/index.php\/wp-json\/wp\/v2\/media\/1319"}],"wp:attachment":[{"href":"https:\/\/praemien-ag-so.blutspende-nordwestschweiz.ch\/index.php\/wp-json\/wp\/v2\/media?parent=1317"}],"wp:term":[{"taxonomy":"product_brand","embeddable":true,"href":"https:\/\/praemien-ag-so.blutspende-nordwestschweiz.ch\/index.php\/wp-json\/wp\/v2\/product_brand?post=1317"},{"taxonomy":"product_cat","embeddable":true,"href":"https:\/\/praemien-ag-so.blutspende-nordwestschweiz.ch\/index.php\/wp-json\/wp\/v2\/product_cat?post=1317"},{"taxonomy":"product_tag","embeddable":true,"href":"https:\/\/praemien-ag-so.blutspende-nordwestschweiz.ch\/index.php\/wp-json\/wp\/v2\/product_tag?post=1317"}],"curies":[{"name":"wp","href":"https:\/\/api.w.org\/{rel}","templated":true}]}}