{"id":92,"date":"2023-03-19T23:38:23","date_gmt":"2023-03-19T22:38:23","guid":{"rendered":"https:\/\/praemien-staging.digipoc.xyz\/index.php\/produkt\/liestaler-geschenkbon-2\/"},"modified":"2025-11-19T10:29:20","modified_gmt":"2025-11-19T08:29:20","slug":"liestaler-geschenkbon-2","status":"publish","type":"product","link":"https:\/\/praemien-ag-so.blutspende-nordwestschweiz.ch\/index.php\/produkt\/liestaler-geschenkbon-2\/","title":{"rendered":"Liestaler Geschenkkarte"},"content":{"rendered":"<p><strong>Die Liestaler KMU Geschenkkarte<br \/>\n<\/strong>Mit der Geschenkkarte zahlen Sie bequem in allen teilnehmenden Detailhandelsgesch\u00e4ften und\u00a0 Restaurants von KMU Liestal. Gesch\u00e4fte buchen den gew\u00fcnschten Betrag \u00fcber das Kartenzahlterminal oder \u00fcber die App ab. Der Restbetrag bleibt auf der Karte. Sie k\u00f6nnen die Karte bei den Verkaufsstellen neu aufladen.<\/p>\n<p>Foto Credit @https:\/\/myliestal.ch\/<br \/>\nWebsite\/Annahmestellen: <a href=\"https:\/\/www.kmu.li\/dienstleistungen\/geschenkgutscheine\/\" target=\"_blank\" rel=\"noopener\">kmu.li<\/a><\/p>\n","protected":false},"excerpt":{"rendered":"<p>Die Liestaler KMU Geschenkkarte Mit der Geschenkkarte zahlen Sie bequem in allen teilnehmenden Detailhandelsgesch\u00e4ften und\u00a0 Restaurants von KMU Liestal. Gesch\u00e4fte buchen den gew\u00fcnschten Betrag \u00fcber das Kartenzahlterminal oder \u00fcber die App ab. Der Restbetrag bleibt auf der Karte. Sie k\u00f6nnen die Karte bei den Verkaufsstellen neu aufladen. Foto Credit @https:\/\/myliestal.ch\/ Website\/Annahmestellen: kmu.li<\/p>\n","protected":false},"featured_media":426,"template":"","meta":{"_acf_changed":false},"product_brand":[],"product_cat":[18,32],"product_tag":[26,50,25],"class_list":{"0":"post-92","1":"product","2":"type-product","3":"status-publish","4":"has-post-thumbnail","6":"product_cat-gutscheine","7":"product_cat-shopping","8":"product_tag-gutschein","9":"product_tag-liestaler-geschenkkarte","10":"product_tag-spenderpraemie","12":"first","13":"instock","14":"purchasable","15":"product-type-variable"},"acf":[],"_links":{"self":[{"href":"https:\/\/praemien-ag-so.blutspende-nordwestschweiz.ch\/index.php\/wp-json\/wp\/v2\/product\/92","targetHints":{"allow":["GET"]}}],"collection":[{"href":"https:\/\/praemien-ag-so.blutspende-nordwestschweiz.ch\/index.php\/wp-json\/wp\/v2\/product"}],"about":[{"href":"https:\/\/praemien-ag-so.blutspende-nordwestschweiz.ch\/index.php\/wp-json\/wp\/v2\/types\/product"}],"wp:featuredmedia":[{"embeddable":true,"href":"https:\/\/praemien-ag-so.blutspende-nordwestschweiz.ch\/index.php\/wp-json\/wp\/v2\/media\/426"}],"wp:attachment":[{"href":"https:\/\/praemien-ag-so.blutspende-nordwestschweiz.ch\/index.php\/wp-json\/wp\/v2\/media?parent=92"}],"wp:term":[{"taxonomy":"product_brand","embeddable":true,"href":"https:\/\/praemien-ag-so.blutspende-nordwestschweiz.ch\/index.php\/wp-json\/wp\/v2\/product_brand?post=92"},{"taxonomy":"product_cat","embeddable":true,"href":"https:\/\/praemien-ag-so.blutspende-nordwestschweiz.ch\/index.php\/wp-json\/wp\/v2\/product_cat?post=92"},{"taxonomy":"product_tag","embeddable":true,"href":"https:\/\/praemien-ag-so.blutspende-nordwestschweiz.ch\/index.php\/wp-json\/wp\/v2\/product_tag?post=92"}],"curies":[{"name":"wp","href":"https:\/\/api.w.org\/{rel}","templated":true}]}}